{"id":7,"date":"2025-02-24T16:01:47","date_gmt":"2025-02-24T15:01:47","guid":{"rendered":"https:\/\/bigmarket.biglike.sk\/?page_id=7"},"modified":"2025-02-24T23:39:18","modified_gmt":"2025-02-24T22:39:18","slug":"welcome","status":"publish","type":"page","link":"https:\/\/bigmarket.biglike.sk\/","title":{"rendered":"Welcome"},"content":{"rendered":"\t\t<div data-elementor-type=\"wp-page\" data-elementor-id=\"7\" class=\"elementor elementor-7\" data-elementor-post-type=\"page\">\n\t\t\t\t<div class=\"elementor-element elementor-element-1a6661c e-con-full e-flex e-con e-parent\" data-id=\"1a6661c\" data-element_type=\"container\" data-settings=\"{&quot;shape_divider_bottom&quot;:&quot;arrow&quot;}\">\n\t\t\t\t<div class=\"elementor-shape elementor-shape-bottom\" data-negative=\"false\">\n\t\t\t<svg xmlns=\"http:\/\/www.w3.org\/2000\/svg\" viewBox=\"0 0 700 10\" preserveAspectRatio=\"none\">\n\t<path class=\"elementor-shape-fill\" d=\"M350,10L340,0h20L350,10z\"\/>\n<\/svg>\t\t<\/div>\n\t\t\t\t<div class=\"elementor-element elementor-element-1b20f5b elementor-invisible elementor-widget elementor-widget-image\" data-id=\"1b20f5b\" data-element_type=\"widget\" data-settings=\"{&quot;_animation&quot;:&quot;bounceIn&quot;}\" data-widget_type=\"image.default\">\n\t\t\t\t<div class=\"elementor-widget-container\">\n\t\t\t\t\t\t\t\t\t\t\t\t\t\t<a href=\"https:\/\/www.biglike.sk\/\">\n\t\t\t\t\t\t\t<img decoding=\"async\" width=\"175\" height=\"50\" src=\"https:\/\/bigmarket.biglike.sk\/wp-content\/uploads\/2025\/02\/biglike-web-copy2.png\" class=\"attachment-large size-large wp-image-21\" alt=\"\" \/>\t\t\t\t\t\t\t\t<\/a>\n\t\t\t\t\t\t\t\t\t\t\t\t\t<\/div>\n\t\t\t\t<\/div>\n\t\t\t\t<div class=\"elementor-element elementor-element-8880c34 animated-fast elementor-invisible elementor-widget elementor-widget-heading\" data-id=\"8880c34\" data-element_type=\"widget\" data-settings=\"{&quot;_animation&quot;:&quot;slideInLeft&quot;}\" data-widget_type=\"heading.default\">\n\t\t\t\t<div class=\"elementor-widget-container\">\n\t\t\t<h2 class=\"elementor-heading-title elementor-size-default\">predstavuje:<\/h2>\t\t<\/div>\n\t\t\t\t<\/div>\n\t\t\t\t<div class=\"elementor-element elementor-element-1235acd elementor-invisible elementor-widget elementor-widget-image\" data-id=\"1235acd\" data-element_type=\"widget\" data-settings=\"{&quot;_animation&quot;:&quot;zoomIn&quot;}\" data-widget_type=\"image.default\">\n\t\t\t\t<div class=\"elementor-widget-container\">\n\t\t\t\t\t\t\t\t\t\t\t\t\t<img fetchpriority=\"high\" decoding=\"async\" width=\"500\" height=\"306\" src=\"https:\/\/bigmarket.biglike.sk\/wp-content\/uploads\/2025\/02\/BIGMARKET-LOGO-500-1.png\" class=\"attachment-full size-full wp-image-12\" alt=\"\" srcset=\"https:\/\/bigmarket.biglike.sk\/wp-content\/uploads\/2025\/02\/BIGMARKET-LOGO-500-1.png 500w, https:\/\/bigmarket.biglike.sk\/wp-content\/uploads\/2025\/02\/BIGMARKET-LOGO-500-1-300x184.png 300w\" sizes=\"(max-width: 500px) 100vw, 500px\" \/>\t\t\t\t\t\t\t\t\t\t\t\t\t<\/div>\n\t\t\t\t<\/div>\n\t\t<div class=\"elementor-element elementor-element-056d737 e-con-full e-flex elementor-invisible e-con e-child\" data-id=\"056d737\" data-element_type=\"container\" data-settings=\"{&quot;animation&quot;:&quot;slideInUp&quot;}\">\n\t\t\t\t<div class=\"elementor-element elementor-element-9d61308 elementor-widget elementor-widget-text-editor\" data-id=\"9d61308\" data-element_type=\"widget\" data-widget_type=\"text-editor.default\">\n\t\t\t\t<div class=\"elementor-widget-container\">\n\t\t\t\t\t\t\t<p>M\u00e1te vlastn\u00fd produkt, v\u00fdrobu, slu\u017ebu a nem\u00e1te <span style=\"color: #c10d00;\"><em><strong>e-shop?<\/strong><\/em><\/span> Po pr\u00edpade si ho nem\u00f4\u017eete dovoli\u0165?\u00a0<\/p><p>V tom pr\u00edpade <span style=\"color: #c10d00;\"><strong>BigMARKET<\/strong><\/span> je tu pre V\u00e1s!\u00a0<\/p><p>Dosta\u0148te V\u00e1\u0161 produkt, slu\u017ebu, do online sveta a zar\u00e1bajte na tom.<\/p><p>Viac info, <span style=\"color: #c10d00;\"><em><strong>u\u017e \u010doskoro.<\/strong><\/em><\/span><\/p>\t\t\t\t\t\t<\/div>\n\t\t\t\t<\/div>\n\t\t\t\t<\/div>\n\t\t\t\t<\/div>\n\t\t<div class=\"elementor-element elementor-element-0fbae55 e-flex e-con-boxed e-con e-parent\" data-id=\"0fbae55\" data-element_type=\"container\" data-settings=\"{&quot;shape_divider_top&quot;:&quot;split&quot;}\">\n\t\t\t\t\t<div class=\"e-con-inner\">\n\t\t\t\t<div class=\"elementor-shape elementor-shape-top\" data-negative=\"false\">\n\t\t\t<svg xmlns=\"http:\/\/www.w3.org\/2000\/svg\" viewBox=\"0 0 1000 20\" preserveAspectRatio=\"none\">\n\t<path class=\"elementor-shape-fill\" d=\"M0,0v3c0,0,393.8,0,483.4,0c9.2,0,16.6,7.4,16.6,16.6c0-9.1,7.4-16.6,16.6-16.6C606.2,3,1000,3,1000,3V0H0z\"\/>\n<\/svg>\t\t<\/div>\n\t\t\t\t<div class=\"elementor-element elementor-element-27b6c56 elementor-widget elementor-widget-spacer\" data-id=\"27b6c56\" data-element_type=\"widget\" data-widget_type=\"spacer.default\">\n\t\t\t\t<div class=\"elementor-widget-container\">\n\t\t\t\t\t<div class=\"elementor-spacer\">\n\t\t\t<div class=\"elementor-spacer-inner\"><\/div>\n\t\t<\/div>\n\t\t\t\t<\/div>\n\t\t\t\t<\/div>\n\t\t\t\t<div class=\"elementor-element elementor-element-6d39ea8 elementor-invisible elementor-widget elementor-widget-heading\" data-id=\"6d39ea8\" data-element_type=\"widget\" data-settings=\"{&quot;_animation&quot;:&quot;bounceIn&quot;}\" data-widget_type=\"heading.default\">\n\t\t\t\t<div class=\"elementor-widget-container\">\n\t\t\t<h2 class=\"elementor-heading-title elementor-size-default\">Offline Business + BigMARKET= ONLINE MONEY<\/h2>\t\t<\/div>\n\t\t\t\t<\/div>\n\t\t\t\t\t<\/div>\n\t\t\t\t<\/div>\n\t\t<div class=\"elementor-element elementor-element-d8fa3bb e-grid e-con-boxed e-con e-parent\" data-id=\"d8fa3bb\" data-element_type=\"container\" data-settings=\"{&quot;background_background&quot;:&quot;classic&quot;}\">\n\t\t\t\t\t<div class=\"e-con-inner\">\n\t\t\t\t<div class=\"elementor-element elementor-element-937fe6c elementor-view-default elementor-invisible elementor-widget elementor-widget-icon\" data-id=\"937fe6c\" data-element_type=\"widget\" data-settings=\"{&quot;_animation&quot;:&quot;slideInLeft&quot;}\" data-widget_type=\"icon.default\">\n\t\t\t\t<div class=\"elementor-widget-container\">\n\t\t\t\t\t<div class=\"elementor-icon-wrapper\">\n\t\t\t<div class=\"elementor-icon\">\n\t\t\t<svg aria-hidden=\"true\" class=\"e-font-icon-svg e-fas-business-time\" viewBox=\"0 0 640 512\" xmlns=\"http:\/\/www.w3.org\/2000\/svg\"><path d=\"M496 224c-79.59 0-144 64.41-144 144s64.41 144 144 144 144-64.41 144-144-64.41-144-144-144zm64 150.29c0 5.34-4.37 9.71-9.71 9.71h-60.57c-5.34 0-9.71-4.37-9.71-9.71v-76.57c0-5.34 4.37-9.71 9.71-9.71h12.57c5.34 0 9.71 4.37 9.71 9.71V352h38.29c5.34 0 9.71 4.37 9.71 9.71v12.58zM496 192c5.4 0 10.72.33 16 .81V144c0-25.6-22.4-48-48-48h-80V48c0-25.6-22.4-48-48-48H176c-25.6 0-48 22.4-48 48v48H48c-25.6 0-48 22.4-48 48v80h395.12c28.6-20.09 63.35-32 100.88-32zM320 96H192V64h128v32zm6.82 224H208c-8.84 0-16-7.16-16-16v-48H0v144c0 25.6 22.4 48 48 48h291.43C327.1 423.96 320 396.82 320 368c0-16.66 2.48-32.72 6.82-48z\"><\/path><\/svg>\t\t\t<\/div>\n\t\t<\/div>\n\t\t\t\t<\/div>\n\t\t\t\t<\/div>\n\t\t\t\t<div class=\"elementor-element elementor-element-f077a44 elementor-invisible elementor-widget elementor-widget-image\" data-id=\"f077a44\" data-element_type=\"widget\" data-settings=\"{&quot;_animation&quot;:&quot;bounceIn&quot;}\" data-widget_type=\"image.default\">\n\t\t\t\t<div class=\"elementor-widget-container\">\n\t\t\t\t\t\t\t\t\t\t\t\t\t<img decoding=\"async\" width=\"300\" height=\"184\" src=\"https:\/\/bigmarket.biglike.sk\/wp-content\/uploads\/2025\/02\/BIGMARKET-LOGO-500-1-300x184.png\" class=\"attachment-medium size-medium wp-image-12\" alt=\"\" srcset=\"https:\/\/bigmarket.biglike.sk\/wp-content\/uploads\/2025\/02\/BIGMARKET-LOGO-500-1-300x184.png 300w, https:\/\/bigmarket.biglike.sk\/wp-content\/uploads\/2025\/02\/BIGMARKET-LOGO-500-1.png 500w\" sizes=\"(max-width: 300px) 100vw, 300px\" \/>\t\t\t\t\t\t\t\t\t\t\t\t\t<\/div>\n\t\t\t\t<\/div>\n\t\t\t\t<div class=\"elementor-element elementor-element-b83e523 elementor-view-default elementor-invisible elementor-widget elementor-widget-icon\" data-id=\"b83e523\" data-element_type=\"widget\" data-settings=\"{&quot;_animation&quot;:&quot;slideInRight&quot;}\" data-widget_type=\"icon.default\">\n\t\t\t\t<div class=\"elementor-widget-container\">\n\t\t\t\t\t<div class=\"elementor-icon-wrapper\">\n\t\t\t<div class=\"elementor-icon\">\n\t\t\t<svg aria-hidden=\"true\" class=\"e-font-icon-svg e-fas-money-bill-wave\" viewBox=\"0 0 640 512\" xmlns=\"http:\/\/www.w3.org\/2000\/svg\"><path d=\"M621.16 54.46C582.37 38.19 543.55 32 504.75 32c-123.17-.01-246.33 62.34-369.5 62.34-30.89 0-61.76-3.92-92.65-13.72-3.47-1.1-6.95-1.62-10.35-1.62C15.04 79 0 92.32 0 110.81v317.26c0 12.63 7.23 24.6 18.84 29.46C57.63 473.81 96.45 480 135.25 480c123.17 0 246.34-62.35 369.51-62.35 30.89 0 61.76 3.92 92.65 13.72 3.47 1.1 6.95 1.62 10.35 1.62 17.21 0 32.25-13.32 32.25-31.81V83.93c-.01-12.64-7.24-24.6-18.85-29.47zM48 132.22c20.12 5.04 41.12 7.57 62.72 8.93C104.84 170.54 79 192.69 48 192.69v-60.47zm0 285v-47.78c34.37 0 62.18 27.27 63.71 61.4-22.53-1.81-43.59-6.31-63.71-13.62zM320 352c-44.19 0-80-42.99-80-96 0-53.02 35.82-96 80-96s80 42.98 80 96c0 53.03-35.83 96-80 96zm272 27.78c-17.52-4.39-35.71-6.85-54.32-8.44 5.87-26.08 27.5-45.88 54.32-49.28v57.72zm0-236.11c-30.89-3.91-54.86-29.7-55.81-61.55 19.54 2.17 38.09 6.23 55.81 12.66v48.89z\"><\/path><\/svg>\t\t\t<\/div>\n\t\t<\/div>\n\t\t\t\t<\/div>\n\t\t\t\t<\/div>\n\t\t\t\t\t<\/div>\n\t\t\t\t<\/div>\n\t\t<div class=\"elementor-element elementor-element-745a402 e-flex e-con-boxed e-con e-parent\" data-id=\"745a402\" data-element_type=\"container\">\n\t\t\t\t\t<div class=\"e-con-inner\">\n\t\t\t\t<div class=\"elementor-element elementor-element-f8a9008 elementor-invisible elementor-widget elementor-widget-heading\" data-id=\"f8a9008\" data-element_type=\"widget\" data-settings=\"{&quot;_animation&quot;:&quot;bounce&quot;}\" data-widget_type=\"heading.default\">\n\t\t\t\t<div class=\"elementor-widget-container\">\n\t\t\t<h2 class=\"elementor-heading-title elementor-size-default\">Ma\u0165 svoj biznis online sa oplat\u00ed!<\/h2>\t\t<\/div>\n\t\t\t\t<\/div>\n\t\t\t\t\t<\/div>\n\t\t\t\t<\/div>\n\t\t<div class=\"elementor-element elementor-element-3bf04fe e-con-full e-flex e-con e-parent\" data-id=\"3bf04fe\" data-element_type=\"container\" data-settings=\"{&quot;background_background&quot;:&quot;classic&quot;}\">\n\t\t\t\t<div class=\"elementor-element elementor-element-e6f416e elementor-invisible elementor-widget elementor-widget-heading\" data-id=\"e6f416e\" data-element_type=\"widget\" data-settings=\"{&quot;_animation&quot;:&quot;fadeInUp&quot;}\" data-widget_type=\"heading.default\">\n\t\t\t\t<div class=\"elementor-widget-container\">\n\t\t\t<h2 class=\"elementor-heading-title elementor-size-default\">Registr\u00e1cia firiem - u\u017e \u010doskoro!<\/h2>\t\t<\/div>\n\t\t\t\t<\/div>\n\t\t\t\t<div class=\"elementor-element elementor-element-1726aa5 elementor-invisible elementor-widget elementor-widget-heading\" data-id=\"1726aa5\" data-element_type=\"widget\" data-settings=\"{&quot;_animation&quot;:&quot;slideInUp&quot;}\" data-widget_type=\"heading.default\">\n\t\t\t\t<div class=\"elementor-widget-container\">\n\t\t\t<h2 class=\"elementor-heading-title elementor-size-default\">BigLikeCrew2K25!<\/h2>\t\t<\/div>\n\t\t\t\t<\/div>\n\t\t\t\t<\/div>\n\t\t<div class=\"elementor-element elementor-element-bfa636b e-flex e-con-boxed e-con e-parent\" data-id=\"bfa636b\" data-element_type=\"container\">\n\t\t\t\t\t<div class=\"e-con-inner\">\n\t\t\t\t\t<\/div>\n\t\t\t\t<\/div>\n\t\t\t\t<\/div>\n\t\t","protected":false},"excerpt":{"rendered":"<p>predstavuje: M\u00e1te vlastn\u00fd produkt, v\u00fdrobu, slu\u017ebu a nem\u00e1te e-shop? Po pr\u00edpade si ho nem\u00f4\u017eete dovoli\u0165?\u00a0 V tom pr\u00edpade BigMARKET je tu pre V\u00e1s!\u00a0 Dosta\u0148te V\u00e1\u0161 produkt, slu\u017ebu, do online sveta a zar\u00e1bajte na tom. Viac info, u\u017e \u010doskoro. Offline Business + BigMARKET= ONLINE MONEY Ma\u0165 svoj biznis online sa oplat\u00ed! Registr\u00e1cia firiem &#8211; u\u017e \u010doskoro! [&hellip;]<\/p>\n","protected":false},"author":1,"featured_media":0,"parent":0,"menu_order":0,"comment_status":"closed","ping_status":"closed","template":"elementor_canvas","meta":{"footnotes":""},"class_list":["post-7","page","type-page","status-publish","hentry"],"_links":{"self":[{"href":"https:\/\/bigmarket.biglike.sk\/index.php\/wp-json\/wp\/v2\/pages\/7","targetHints":{"allow":["GET"]}}],"collection":[{"href":"https:\/\/bigmarket.biglike.sk\/index.php\/wp-json\/wp\/v2\/pages"}],"about":[{"href":"https:\/\/bigmarket.biglike.sk\/index.php\/wp-json\/wp\/v2\/types\/page"}],"author":[{"embeddable":true,"href":"https:\/\/bigmarket.biglike.sk\/index.php\/wp-json\/wp\/v2\/users\/1"}],"replies":[{"embeddable":true,"href":"https:\/\/bigmarket.biglike.sk\/index.php\/wp-json\/wp\/v2\/comments?post=7"}],"version-history":[{"count":103,"href":"https:\/\/bigmarket.biglike.sk\/index.php\/wp-json\/wp\/v2\/pages\/7\/revisions"}],"predecessor-version":[{"id":121,"href":"https:\/\/bigmarket.biglike.sk\/index.php\/wp-json\/wp\/v2\/pages\/7\/revisions\/121"}],"wp:attachment":[{"href":"https:\/\/bigmarket.biglike.sk\/index.php\/wp-json\/wp\/v2\/media?parent=7"}],"curies":[{"name":"wp","href":"https:\/\/api.w.org\/{rel}","templated":true}]}}